{"id":226,"date":"2020-02-03T13:05:16","date_gmt":"2020-02-03T12:05:16","guid":{"rendered":"http:\/\/www.delagirafe.fr\/?page_id=226"},"modified":"2021-11-25T17:41:16","modified_gmt":"2021-11-25T16:41:16","slug":"contactez-nous","status":"publish","type":"page","link":"https:\/\/www.delagirafe.fr\/?page_id=226","title":{"rendered":"Contactez-Nous"},"content":{"rendered":"\t\t<div data-elementor-type=\"wp-page\" data-elementor-id=\"226\" class=\"elementor elementor-226\">\n\t\t\t\t\t\t<section class=\"elementor-section elementor-top-section elementor-element elementor-element-b8a178f elementor-section-boxed elementor-section-height-default elementor-section-height-default\" data-id=\"b8a178f\" data-element_type=\"section\" data-e-type=\"section\">\n\t\t\t\t\t\t<div class=\"elementor-container elementor-column-gap-default\">\n\t\t\t\t\t<div class=\"elementor-column elementor-col-100 elementor-top-column elementor-element elementor-element-9063fba\" data-id=\"9063fba\" data-element_type=\"column\" data-e-type=\"column\">\n\t\t\t<div class=\"elementor-widget-wrap elementor-element-populated\">\n\t\t\t\t\t\t<div class=\"elementor-element elementor-element-bc50d4d elementor-drop-cap-yes elementor-drop-cap-view-default elementor-widget elementor-widget-text-editor\" data-id=\"bc50d4d\" data-element_type=\"widget\" data-e-type=\"widget\" data-settings=\"{&quot;drop_cap&quot;:&quot;yes&quot;}\" data-widget_type=\"text-editor.default\">\n\t\t\t\t<div class=\"elementor-widget-container\">\n\t\t\t\t\t\t\t\t\t<p><br><\/p>\n<p>Ici, rien n&rsquo;est impossible. Si vous voulez sortir la t\u00eate du lot et mettre \u00ab\u00a0Delagirafe\u00a0\u00bb dans votre vie, n&rsquo;h\u00e9sitez pas \u00e0 nous contacter. Nous r\u00e9pondons personnellement \u00e0 toutes vos demandes, devis ou toutes autres questions.<\/p>\n<h3><a href=\"mailto:delagirafe@gmail.com\">delagirafe@gmail.com<\/a><\/h3>\n<h4><a href=\"mailto:delagirafe@gmail.com\"><img decoding=\"async\" class=\"alignnone size-full wp-image-985\" src=\"https:\/\/www.delagirafe.fr\/wp-content\/uploads\/2021\/11\/ImageNumero.png\" alt=\"\" width=\"263\" height=\"44\"><\/a><\/h4>\t\t\t\t\t\t\t\t<\/div>\n\t\t\t\t<\/div>\n\t\t\t\t\t<\/div>\n\t\t<\/div>\n\t\t\t\t\t<\/div>\n\t\t<\/section>\n\t\t\t\t<section class=\"elementor-section elementor-top-section elementor-element elementor-element-e40ee4d elementor-section-boxed elementor-section-height-default elementor-section-height-default\" data-id=\"e40ee4d\" data-element_type=\"section\" data-e-type=\"section\">\n\t\t\t\t\t\t<div class=\"elementor-container elementor-column-gap-default\">\n\t\t\t\t\t<div class=\"elementor-column elementor-col-100 elementor-top-column elementor-element elementor-element-d2ee8d6\" data-id=\"d2ee8d6\" data-element_type=\"column\" data-e-type=\"column\">\n\t\t\t<div class=\"elementor-widget-wrap elementor-element-populated\">\n\t\t\t\t\t\t<div class=\"elementor-element elementor-element-5ecf858 elementor-widget elementor-widget-google_maps\" data-id=\"5ecf858\" data-element_type=\"widget\" data-e-type=\"widget\" data-widget_type=\"google_maps.default\">\n\t\t\t\t<div class=\"elementor-widget-container\">\n\t\t\t\t\t\t\t<div class=\"elementor-custom-embed\">\n\t\t\t<iframe loading=\"lazy\"\n\t\t\t\t\tsrc=\"https:\/\/maps.google.com\/maps?q=4%20Rue%20de%20la%20Corv%C3%A9e%2C%2025640%20La%20Breteni%C3%A8re&#038;t=m&#038;z=14&#038;output=embed&#038;iwloc=near\"\n\t\t\t\t\ttitle=\"4 Rue de la Corv\u00e9e, 25640 La Breteni\u00e8re\"\n\t\t\t\t\taria-label=\"4 Rue de la Corv\u00e9e, 25640 La Breteni\u00e8re\"\n\t\t\t><\/iframe>\n\t\t<\/div>\n\t\t\t\t\t\t<\/div>\n\t\t\t\t<\/div>\n\t\t\t\t\t<\/div>\n\t\t<\/div>\n\t\t\t\t\t<\/div>\n\t\t<\/section>\n\t\t\t\t<\/div>\n\t\t","protected":false},"excerpt":{"rendered":"<p>Ici, rien n&rsquo;est impossible. Si vous voulez sortir la t\u00eate du lot et mettre \u00ab\u00a0Delagirafe\u00a0\u00bb dans votre vie, n&rsquo;h\u00e9sitez pas \u00e0 nous contacter. Nous r\u00e9pondons personnellement \u00e0 toutes vos demandes, devis ou toutes autres questions. delagirafe@gmail.com<\/p>\n","protected":false},"author":1,"featured_media":0,"parent":0,"menu_order":0,"comment_status":"closed","ping_status":"closed","template":"","meta":{"footnotes":""},"class_list":["post-226","page","type-page","status-publish"],"_links":{"self":[{"href":"https:\/\/www.delagirafe.fr\/index.php?rest_route=\/wp\/v2\/pages\/226"}],"collection":[{"href":"https:\/\/www.delagirafe.fr\/index.php?rest_route=\/wp\/v2\/pages"}],"about":[{"href":"https:\/\/www.delagirafe.fr\/index.php?rest_route=\/wp\/v2\/types\/page"}],"author":[{"embeddable":true,"href":"https:\/\/www.delagirafe.fr\/index.php?rest_route=\/wp\/v2\/users\/1"}],"replies":[{"embeddable":true,"href":"https:\/\/www.delagirafe.fr\/index.php?rest_route=%2Fwp%2Fv2%2Fcomments&post=226"}],"version-history":[{"count":24,"href":"https:\/\/www.delagirafe.fr\/index.php?rest_route=\/wp\/v2\/pages\/226\/revisions"}],"predecessor-version":[{"id":1005,"href":"https:\/\/www.delagirafe.fr\/index.php?rest_route=\/wp\/v2\/pages\/226\/revisions\/1005"}],"wp:attachment":[{"href":"https:\/\/www.delagirafe.fr\/index.php?rest_route=%2Fwp%2Fv2%2Fmedia&parent=226"}],"curies":[{"name":"wp","href":"https:\/\/api.w.org\/{rel}","templated":true}]}}