{"id":63,"date":"2020-01-20T09:23:54","date_gmt":"2020-01-20T08:23:54","guid":{"rendered":"http:\/\/www.delagirafe.fr\/?page_id=63"},"modified":"2022-10-21T16:13:21","modified_gmt":"2022-10-21T14:13:21","slug":"accueil","status":"publish","type":"page","link":"https:\/\/www.delagirafe.fr\/","title":{"rendered":"Accueil"},"content":{"rendered":"\t\t<div data-elementor-type=\"wp-page\" data-elementor-id=\"63\" class=\"elementor elementor-63\">\n\t\t\t\t\t\t<section class=\"elementor-section elementor-top-section elementor-element elementor-element-e6b78cf elementor-section-stretched elementor-section-full_width elementor-section-height-default elementor-section-height-default\" data-id=\"e6b78cf\" data-element_type=\"section\" data-e-type=\"section\" data-settings=\"{&quot;stretch_section&quot;:&quot;section-stretched&quot;}\">\n\t\t\t\t\t\t<div class=\"elementor-container elementor-column-gap-default\">\n\t\t\t\t\t<div class=\"elementor-column elementor-col-100 elementor-top-column elementor-element elementor-element-8a5b18c\" data-id=\"8a5b18c\" data-element_type=\"column\" data-e-type=\"column\">\n\t\t\t<div class=\"elementor-widget-wrap elementor-element-populated\">\n\t\t\t\t\t\t<div class=\"elementor-element elementor-element-f61ea60 elementor-arrows-position-inside elementor-widget elementor-widget-image-carousel\" data-id=\"f61ea60\" data-element_type=\"widget\" data-e-type=\"widget\" data-settings=\"{&quot;slides_to_show&quot;:&quot;1&quot;,&quot;navigation&quot;:&quot;arrows&quot;,&quot;autoplay&quot;:&quot;yes&quot;,&quot;pause_on_hover&quot;:&quot;yes&quot;,&quot;pause_on_interaction&quot;:&quot;yes&quot;,&quot;autoplay_speed&quot;:5000,&quot;infinite&quot;:&quot;yes&quot;,&quot;effect&quot;:&quot;slide&quot;,&quot;speed&quot;:500}\" data-widget_type=\"image-carousel.default\">\n\t\t\t\t<div class=\"elementor-widget-container\">\n\t\t\t\t\t\t\t<div class=\"elementor-image-carousel-wrapper swiper\" role=\"region\" aria-roledescription=\"carousel\" aria-label=\"Carrousel d\u2019images\" dir=\"ltr\">\n\t\t\t<div class=\"elementor-image-carousel swiper-wrapper swiper-image-stretch\" aria-live=\"off\">\n\t\t\t\t\t\t\t\t<div class=\"swiper-slide\" role=\"group\" aria-roledescription=\"slide\" aria-label=\"1 sur 5\"><figure class=\"swiper-slide-inner\"><img decoding=\"async\" class=\"swiper-slide-image\" src=\"https:\/\/www.delagirafe.fr\/wp-content\/uploads\/2022\/10\/03.jpg\" alt=\"03\" \/><\/figure><\/div><div class=\"swiper-slide\" role=\"group\" aria-roledescription=\"slide\" aria-label=\"2 sur 5\"><figure class=\"swiper-slide-inner\"><img decoding=\"async\" class=\"swiper-slide-image\" src=\"https:\/\/www.delagirafe.fr\/wp-content\/uploads\/2020\/11\/SLIDE-FLEURDEVIE.jpg\" alt=\"Fleurs de vie\" \/><\/figure><\/div><div class=\"swiper-slide\" role=\"group\" aria-roledescription=\"slide\" aria-label=\"3 sur 5\"><figure class=\"swiper-slide-inner\"><img decoding=\"async\" class=\"swiper-slide-image\" src=\"https:\/\/www.delagirafe.fr\/wp-content\/uploads\/2020\/09\/SLIDE-PLANCHEMONTDOR.jpg\" alt=\"planche service mont d&#039;or bois Locale\" \/><\/figure><\/div><div class=\"swiper-slide\" role=\"group\" aria-roledescription=\"slide\" aria-label=\"4 sur 5\"><figure class=\"swiper-slide-inner\"><img decoding=\"async\" class=\"swiper-slide-image\" src=\"https:\/\/www.delagirafe.fr\/wp-content\/uploads\/2020\/01\/SLIDE-JEUX-01.jpg\" alt=\"SLIDE-JEUX-01\" \/><\/figure><\/div><div class=\"swiper-slide\" role=\"group\" aria-roledescription=\"slide\" aria-label=\"5 sur 5\"><figure class=\"swiper-slide-inner\"><img decoding=\"async\" class=\"swiper-slide-image\" src=\"https:\/\/www.delagirafe.fr\/wp-content\/uploads\/2020\/01\/SLIDE_BLASON_01.jpg\" alt=\"SLIDE_BLASON_01\" \/><\/figure><\/div>\t\t\t<\/div>\n\t\t\t\t\t\t\t\t\t\t\t\t<div class=\"elementor-swiper-button elementor-swiper-button-prev\" role=\"button\" tabindex=\"0\">\n\t\t\t\t\t\t<i aria-hidden=\"true\" class=\"eicon-chevron-left\"><\/i>\t\t\t\t\t<\/div>\n\t\t\t\t\t<div class=\"elementor-swiper-button elementor-swiper-button-next\" role=\"button\" tabindex=\"0\">\n\t\t\t\t\t\t<i aria-hidden=\"true\" class=\"eicon-chevron-right\"><\/i>\t\t\t\t\t<\/div>\n\t\t\t\t\n\t\t\t\t\t\t\t\t\t<\/div>\n\t\t\t\t\t\t<\/div>\n\t\t\t\t<\/div>\n\t\t\t\t\t<\/div>\n\t\t<\/div>\n\t\t\t\t\t<\/div>\n\t\t<\/section>\n\t\t\t\t<section class=\"elementor-section elementor-top-section elementor-element elementor-element-2872150 elementor-section-boxed elementor-section-height-default elementor-section-height-default\" data-id=\"2872150\" data-element_type=\"section\" data-e-type=\"section\">\n\t\t\t\t\t\t<div class=\"elementor-container elementor-column-gap-default\">\n\t\t\t\t\t<div class=\"elementor-column elementor-col-100 elementor-top-column elementor-element elementor-element-3f3d0df\" data-id=\"3f3d0df\" data-element_type=\"column\" data-e-type=\"column\">\n\t\t\t<div class=\"elementor-widget-wrap elementor-element-populated\">\n\t\t\t\t\t\t<div class=\"elementor-element elementor-element-0e20505 elementor-widget__width-inherit elementor-widget elementor-widget-text-editor\" data-id=\"0e20505\" data-element_type=\"widget\" data-e-type=\"widget\" data-widget_type=\"text-editor.default\">\n\t\t\t\t<div class=\"elementor-widget-container\">\n\t\t\t\t\t\t\t\t\t<h5>Nos productions sont toutes cr\u00e9\u00e9es et fabriqu\u00e9es par nos soins, notre but est de ma\u00eetriser le processus de fabrication complet de nos produits afin de pouvoir en garantir leur qualit\u00e9 et leur durabilit\u00e9 dans le temps.<\/h5>\n<div><br><\/div><div><br><\/div>\t\t\t\t\t\t\t\t<\/div>\n\t\t\t\t<\/div>\n\t\t\t\t<div class=\"elementor-element elementor-element-ddee27e elementor-widget elementor-widget-html\" data-id=\"ddee27e\" data-element_type=\"widget\" data-e-type=\"widget\" data-widget_type=\"html.default\">\n\t\t\t\t<div class=\"elementor-widget-container\">\n\t\t\t\t\t<style>.swiper-slide-image{cursor: pointer;} <\/style>\n\n<script>\n'use strict';\n\ndocument.addEventListener('DOMContentLoaded', function () {\n\nvar filteredImages = document.querySelectorAll('.swiper-slide');\n\n\/\/Edit the links HERE\nvar links = [\n    \n'https:\/\/www.delagirafe.fr\/?product_cat=jeux-autonomes',\n\n'https:\/\/www.delagirafe.fr\/?product_cat=energie-bien-etre',\n\n'https:\/\/www.delagirafe.fr\/?product=planche-de-service-a-mont-dor',\n\n'https:\/\/www.delagirafe.fr\/?product_cat=jeux',\n\n'https:\/\/www.delagirafe.fr\/?product_cat=blasons',\n\n\n\/\/same links here\n\n'https:\/\/www.delagirafe.fr\/?product_cat=jeux-autonomes',\n\n'https:\/\/www.delagirafe.fr\/?product_cat=energie-bien-etre',\n\n'https:\/\/www.delagirafe.fr\/?product=planche-de-service-a-mont-dor',\n\n'https:\/\/www.delagirafe.fr\/?product_cat=jeux',\n\n'https:\/\/www.delagirafe.fr\/?product_cat=blasons',\n\n\n\/\/and same links here\n\n'https:\/\/www.delagirafe.fr\/?product_cat=jeux-autonomes',\n\n'https:\/\/www.delagirafe.fr\/?product_cat=energie-bien-etre',\n\n'https:\/\/www.delagirafe.fr\/?product=planche-de-service-a-mont-dor',\n\n'https:\/\/www.delagirafe.fr\/?product_cat=jeux',\n\n'https:\/\/www.delagirafe.fr\/?product_cat=blasons',\n\n\n];\n\nvar _loope = function _loope(i) {\nfilteredImages[i].addEventListener('click', function () {\nlocation = links[i];\n});\n}\n\nfor (var i = 0; i < filteredImages.length; i++) {\n_loope(i);\n}\n});\n<\/script>\t\t\t\t<\/div>\n\t\t\t\t<\/div>\n\t\t\t\t\t<\/div>\n\t\t<\/div>\n\t\t\t\t\t<\/div>\n\t\t<\/section>\n\t\t\t\t<\/div>\n\t\t","protected":false},"excerpt":{"rendered":"<p>Pr\u00e9c\u00e9dent Suivant Nos productions sont toutes cr\u00e9\u00e9es et fabriqu\u00e9es par nos soins, notre but est de ma\u00eetriser le processus de fabrication complet de nos produits afin de pouvoir en garantir leur qualit\u00e9 et leur durabilit\u00e9 dans le temps.<\/p>\n","protected":false},"author":1,"featured_media":0,"parent":0,"menu_order":0,"comment_status":"closed","ping_status":"closed","template":"","meta":{"footnotes":""},"class_list":["post-63","page","type-page","status-publish"],"_links":{"self":[{"href":"https:\/\/www.delagirafe.fr\/index.php?rest_route=\/wp\/v2\/pages\/63"}],"collection":[{"href":"https:\/\/www.delagirafe.fr\/index.php?rest_route=\/wp\/v2\/pages"}],"about":[{"href":"https:\/\/www.delagirafe.fr\/index.php?rest_route=\/wp\/v2\/types\/page"}],"author":[{"embeddable":true,"href":"https:\/\/www.delagirafe.fr\/index.php?rest_route=\/wp\/v2\/users\/1"}],"replies":[{"embeddable":true,"href":"https:\/\/www.delagirafe.fr\/index.php?rest_route=%2Fwp%2Fv2%2Fcomments&post=63"}],"version-history":[{"count":70,"href":"https:\/\/www.delagirafe.fr\/index.php?rest_route=\/wp\/v2\/pages\/63\/revisions"}],"predecessor-version":[{"id":1224,"href":"https:\/\/www.delagirafe.fr\/index.php?rest_route=\/wp\/v2\/pages\/63\/revisions\/1224"}],"wp:attachment":[{"href":"https:\/\/www.delagirafe.fr\/index.php?rest_route=%2Fwp%2Fv2%2Fmedia&parent=63"}],"curies":[{"name":"wp","href":"https:\/\/api.w.org\/{rel}","templated":true}]}}