{"id":977,"date":"2021-11-25T17:24:56","date_gmt":"2021-11-25T16:24:56","guid":{"rendered":"https:\/\/www.delagirafe.fr\/?page_id=977"},"modified":"2021-11-25T22:09:55","modified_gmt":"2021-11-25T21:09:55","slug":"le-projet","status":"publish","type":"page","link":"https:\/\/www.delagirafe.fr\/?page_id=977","title":{"rendered":"Le Projet"},"content":{"rendered":"\t\t<div data-elementor-type=\"wp-page\" data-elementor-id=\"977\" class=\"elementor elementor-977\">\n\t\t\t\t\t\t<section class=\"elementor-section elementor-top-section elementor-element elementor-element-700acc6 elementor-section-boxed elementor-section-height-default elementor-section-height-default\" data-id=\"700acc6\" data-element_type=\"section\" data-e-type=\"section\">\n\t\t\t\t\t\t<div class=\"elementor-container elementor-column-gap-default\">\n\t\t\t\t\t<div class=\"elementor-column elementor-col-100 elementor-top-column elementor-element elementor-element-f245f3a\" data-id=\"f245f3a\" data-element_type=\"column\" data-e-type=\"column\">\n\t\t\t<div class=\"elementor-widget-wrap elementor-element-populated\">\n\t\t\t\t\t\t<div class=\"elementor-element elementor-element-8fadd38 elementor-widget elementor-widget-image\" data-id=\"8fadd38\" data-element_type=\"widget\" data-e-type=\"widget\" data-widget_type=\"image.default\">\n\t\t\t\t<div class=\"elementor-widget-container\">\n\t\t\t\t\t\t\t\t\t\t\t\t\t\t\t<img decoding=\"async\" src=\"https:\/\/www.delagirafe.fr\/wp-content\/uploads\/elementor\/thumbs\/Delagirafe-texte-logo-pglb1hcqoiz6kg7skxzv97bfm850bmbk1vaft360ji.png\" title=\"Delagirafe-texte-logo\" alt=\"Delagirafe-texte-logo\" loading=\"lazy\" \/>\t\t\t\t\t\t\t\t\t\t\t\t\t\t\t<\/div>\n\t\t\t\t<\/div>\n\t\t\t\t\t<\/div>\n\t\t<\/div>\n\t\t\t\t\t<\/div>\n\t\t<\/section>\n\t\t\t\t<section class=\"elementor-section elementor-top-section elementor-element elementor-element-2dcaeef elementor-section-boxed elementor-section-height-default elementor-section-height-default\" data-id=\"2dcaeef\" data-element_type=\"section\" data-e-type=\"section\">\n\t\t\t\t\t\t<div class=\"elementor-container elementor-column-gap-default\">\n\t\t\t\t\t<div class=\"elementor-column elementor-col-100 elementor-top-column elementor-element elementor-element-0972c4a\" data-id=\"0972c4a\" data-element_type=\"column\" data-e-type=\"column\">\n\t\t\t<div class=\"elementor-widget-wrap elementor-element-populated\">\n\t\t\t\t\t\t<div class=\"elementor-element elementor-element-313c810 elementor-widget elementor-widget-text-editor\" data-id=\"313c810\" data-element_type=\"widget\" data-e-type=\"widget\" data-widget_type=\"text-editor.default\">\n\t\t\t\t<div class=\"elementor-widget-container\">\n\t\t\t\t\t\t\t\t\t<h1>Delagirafe c\u2019est quoi ?<\/h1><p>Delagirafe est une marque et une <strong>fabrique d\u2019objets artisanaux situ\u00e9e \u00e0 la Breteni\u00e8re dans le Doubs<\/strong>. Passionn\u00e9 par la cr\u00e9ation depuis toujours, Alexandre JOBARD cr\u00e9e son atelier en 2020 lors du premier confinement pour r\u00e9aliser un r\u00eave germ\u00e9 dans sa t\u00eate depuis de nombreuses ann\u00e9es.<\/p><p>En proposant des produits uniques et originaux de tous types, l\u2019artisan centre sa d\u00e9marche sur l\u2019\u00e9cologie, la fabrication en petite s\u00e9rie et l\u2019approvisionnement de mat\u00e9riaux locaux afin de limiter au maximum son impact sur l\u2019environnement.<\/p><h1>Pourquoi Delagirafe\u00a0?<\/h1><p>La girafe poss\u00e8de un parcours \u00e9volutif assez rare dans l\u2019\u00e9volution puisque son cou s\u2019est allong\u00e9 pour \u00e9viter la comp\u00e9tition alimentaire. Au lieu de prendre la nourriture de son voisin, la belle est all\u00e9e se servir l\u00e0 o\u00f9 les autres animaux n\u2019avait pas d\u2019acc\u00e8s. <strong>Elle a accentu\u00e9 sa diff\u00e9rence pour en faire une force. <\/strong>S\u2019en suit l\u2019\u00e9volution de son c\u0153ur qui compte parmi les plus puissants chez les mammif\u00e8res, elle est donc <em>une source d\u2019inspiration infinie <\/em>pour le cr\u00e9ateur qui aime partager des objets diff\u00e9rents et singuliers pour que <strong>chacun puisse sortir la t\u00eate du lot et mettre un peu \u00ab\u00a0de la girafe\u00a0\u00bb dans sa vie.<\/strong><\/p><h1>Des arbres\u00a0?<\/h1><p>Depuis 2021, les clients qui le souhaitent, peuvent <strong>parrainer un arbre<\/strong> qui sera plant\u00e9 dans une petite <strong>plantation du M\u00e9mont dans le Haut-Doubs<\/strong> sur une terre cher au c\u0153ur d\u2019Alexandre puisque qu\u2019elle appartenait \u00e0 son grand-p\u00e8re, lui-m\u00eame cr\u00e9ateur d\u2019objet en bois dans le pass\u00e9.<\/p>\t\t\t\t\t\t\t\t<\/div>\n\t\t\t\t<\/div>\n\t\t\t\t\t<\/div>\n\t\t<\/div>\n\t\t\t\t\t<\/div>\n\t\t<\/section>\n\t\t\t\t<section class=\"elementor-section elementor-top-section elementor-element elementor-element-2852aee elementor-section-boxed elementor-section-height-default elementor-section-height-default\" data-id=\"2852aee\" data-element_type=\"section\" data-e-type=\"section\">\n\t\t\t\t\t\t<div class=\"elementor-container elementor-column-gap-default\">\n\t\t\t\t\t<div class=\"elementor-column elementor-col-100 elementor-top-column elementor-element elementor-element-6126de4\" data-id=\"6126de4\" data-element_type=\"column\" data-e-type=\"column\">\n\t\t\t<div class=\"elementor-widget-wrap elementor-element-populated\">\n\t\t\t\t\t\t<div class=\"elementor-element elementor-element-c3fe0ea elementor-widget elementor-widget-image\" data-id=\"c3fe0ea\" data-element_type=\"widget\" data-e-type=\"widget\" data-widget_type=\"image.default\">\n\t\t\t\t<div class=\"elementor-widget-container\">\n\t\t\t\t\t\t\t\t\t\t\t\t<figure class=\"wp-caption\">\n\t\t\t\t\t\t\t\t\t\t<img decoding=\"async\" src=\"https:\/\/www.delagirafe.fr\/wp-content\/uploads\/elementor\/thumbs\/Alex01-pglb4av84zwhit2px2ess26c53u2y9f8820jbv3wuk.jpg\" title=\"photo-AJ-NB\" alt=\"Alexandre JOBARD - Artisan Cr\u00e9ateur\" loading=\"lazy\" \/>\t\t\t\t\t\t\t\t\t\t\t<figcaption class=\"widget-image-caption wp-caption-text\">Alexandre JOBARD - Artisan Cr\u00e9ateur<\/figcaption>\n\t\t\t\t\t\t\t\t\t\t<\/figure>\n\t\t\t\t\t\t\t\t\t<\/div>\n\t\t\t\t<\/div>\n\t\t\t\t\t<\/div>\n\t\t<\/div>\n\t\t\t\t\t<\/div>\n\t\t<\/section>\n\t\t\t\t<\/div>\n\t\t","protected":false},"excerpt":{"rendered":"<p>Delagirafe c\u2019est quoi ? Delagirafe est une marque et une fabrique d\u2019objets artisanaux situ\u00e9e \u00e0 la Breteni\u00e8re dans le Doubs. Passionn\u00e9 par la cr\u00e9ation depuis toujours, Alexandre JOBARD cr\u00e9e son atelier en 2020 lors du premier confinement pour r\u00e9aliser un r\u00eave germ\u00e9 dans sa t\u00eate depuis de nombreuses ann\u00e9es. En proposant des produits uniques et &#8230; <a title=\"Le Projet\" class=\"read-more\" href=\"https:\/\/www.delagirafe.fr\/?page_id=977\" aria-label=\"En savoir plus sur Le Projet\">Lire la suite<\/a><\/p>\n","protected":false},"author":1,"featured_media":0,"parent":0,"menu_order":0,"comment_status":"closed","ping_status":"closed","template":"","meta":{"footnotes":""},"class_list":["post-977","page","type-page","status-publish"],"_links":{"self":[{"href":"https:\/\/www.delagirafe.fr\/index.php?rest_route=\/wp\/v2\/pages\/977"}],"collection":[{"href":"https:\/\/www.delagirafe.fr\/index.php?rest_route=\/wp\/v2\/pages"}],"about":[{"href":"https:\/\/www.delagirafe.fr\/index.php?rest_route=\/wp\/v2\/types\/page"}],"author":[{"embeddable":true,"href":"https:\/\/www.delagirafe.fr\/index.php?rest_route=\/wp\/v2\/users\/1"}],"replies":[{"embeddable":true,"href":"https:\/\/www.delagirafe.fr\/index.php?rest_route=%2Fwp%2Fv2%2Fcomments&post=977"}],"version-history":[{"count":10,"href":"https:\/\/www.delagirafe.fr\/index.php?rest_route=\/wp\/v2\/pages\/977\/revisions"}],"predecessor-version":[{"id":1008,"href":"https:\/\/www.delagirafe.fr\/index.php?rest_route=\/wp\/v2\/pages\/977\/revisions\/1008"}],"wp:attachment":[{"href":"https:\/\/www.delagirafe.fr\/index.php?rest_route=%2Fwp%2Fv2%2Fmedia&parent=977"}],"curies":[{"name":"wp","href":"https:\/\/api.w.org\/{rel}","templated":true}]}}