{"id":1180,"date":"2022-10-21T14:07:54","date_gmt":"2022-10-21T12:07:54","guid":{"rendered":"https:\/\/www.delagirafe.fr\/?post_type=product&#038;p=1180"},"modified":"2025-11-07T09:19:22","modified_gmt":"2025-11-07T08:19:22","slug":"planche-a-decouper-a-chaque-probleme-son-saucisson","status":"publish","type":"product","link":"https:\/\/www.delagirafe.fr\/?product=planche-a-decouper-a-chaque-probleme-son-saucisson","title":{"rendered":"Planche \u00e0 d\u00e9couper &#8211; A chaque probl\u00e8me&#8230; son saucisson !"},"content":{"rendered":"<div class=\"\" data-block=\"true\" data-editor=\"5bqkk\" data-offset-key=\"3sm53-0-0\"><\/div>\n<div class=\"\" data-block=\"true\" data-editor=\"5bqkk\" data-offset-key=\"1roo-0-0\">\n<div class=\"_1mf _1mj\" data-offset-key=\"1roo-0-0\">Planche \u00e0 saucisson &#8211; Humoristique<\/div>\n<\/div>\n<p>&nbsp;<\/p>\n<p>7,5 cm \u00d7 36.5 cm \u00d720 mm<\/p>\n<p>&nbsp;<\/p>\n<p>Article cr\u00e9\u00e9 et produit dans notre atelier.<\/p>\n<p>100% Franc-Comtois !<\/p>\n","protected":false},"excerpt":{"rendered":"<div class=\"\" data-block=\"true\" data-editor=\"5bqkk\" data-offset-key=\"1roo-0-0\">\n<div class=\"_1mf _1mj\" data-offset-key=\"1roo-0-0\">Planche \u00e0 saucisson &#8211; Humoristique<\/div>\n<div data-offset-key=\"1roo-0-0\"><\/div>\n<\/div>\n<p>7,5 cm \u00d7 36.5 cm \u00d720 mm<\/p>\n<p>&nbsp;<\/p>\n<p>Article cr\u00e9\u00e9 et produit dans notre atelier.<\/p>\n<p>100% Franc-Comtois !<\/p>\n","protected":false},"featured_media":1181,"comment_status":"open","ping_status":"closed","template":"","meta":[],"product_cat":[41,49],"product_tag":[],"class_list":{"0":"post-1180","1":"product","2":"type-product","3":"status-publish","4":"has-post-thumbnail","6":"product_cat-autour-de-la-table","7":"product_cat-planches","9":"first","10":"instock","11":"shipping-taxable","12":"purchasable","13":"product-type-simple"},"_links":{"self":[{"href":"https:\/\/www.delagirafe.fr\/index.php?rest_route=\/wp\/v2\/product\/1180"}],"collection":[{"href":"https:\/\/www.delagirafe.fr\/index.php?rest_route=\/wp\/v2\/product"}],"about":[{"href":"https:\/\/www.delagirafe.fr\/index.php?rest_route=\/wp\/v2\/types\/product"}],"replies":[{"embeddable":true,"href":"https:\/\/www.delagirafe.fr\/index.php?rest_route=%2Fwp%2Fv2%2Fcomments&post=1180"}],"wp:featuredmedia":[{"embeddable":true,"href":"https:\/\/www.delagirafe.fr\/index.php?rest_route=\/wp\/v2\/media\/1181"}],"wp:attachment":[{"href":"https:\/\/www.delagirafe.fr\/index.php?rest_route=%2Fwp%2Fv2%2Fmedia&parent=1180"}],"wp:term":[{"taxonomy":"product_cat","embeddable":true,"href":"https:\/\/www.delagirafe.fr\/index.php?rest_route=%2Fwp%2Fv2%2Fproduct_cat&post=1180"},{"taxonomy":"product_tag","embeddable":true,"href":"https:\/\/www.delagirafe.fr\/index.php?rest_route=%2Fwp%2Fv2%2Fproduct_tag&post=1180"}],"curies":[{"name":"wp","href":"https:\/\/api.w.org\/{rel}","templated":true}]}}