{"id":1215,"date":"2022-10-21T16:10:36","date_gmt":"2022-10-21T14:10:36","guid":{"rendered":"https:\/\/www.delagirafe.fr\/?post_type=product&#038;p=1215"},"modified":"2022-10-23T21:05:16","modified_gmt":"2022-10-23T19:05:16","slug":"porte-cle-en-bois-chene-arbre-de-vie","status":"publish","type":"product","link":"https:\/\/www.delagirafe.fr\/?product=porte-cle-en-bois-chene-arbre-de-vie","title":{"rendered":"Porte-Cl\u00e9 en bois &#8211; Ch\u00eane &#8211; Arbre de vie"},"content":{"rendered":"<p>Porte cl\u00e9 en bois &#8211; Ch\u00eane<\/p>\n","protected":false},"excerpt":{"rendered":"<p>Porte cl\u00e9 en bois &#8211; Ch\u00eane<\/p>\n","protected":false},"featured_media":1220,"comment_status":"open","ping_status":"closed","template":"","meta":[],"product_cat":[34,24],"product_tag":[],"class_list":{"0":"post-1215","1":"product","2":"type-product","3":"status-publish","4":"has-post-thumbnail","6":"product_cat-energie-bien-etre","7":"product_cat-porte-cles","9":"first","10":"instock","11":"featured","12":"shipping-taxable","13":"purchasable","14":"product-type-simple"},"_links":{"self":[{"href":"https:\/\/www.delagirafe.fr\/index.php?rest_route=\/wp\/v2\/product\/1215"}],"collection":[{"href":"https:\/\/www.delagirafe.fr\/index.php?rest_route=\/wp\/v2\/product"}],"about":[{"href":"https:\/\/www.delagirafe.fr\/index.php?rest_route=\/wp\/v2\/types\/product"}],"replies":[{"embeddable":true,"href":"https:\/\/www.delagirafe.fr\/index.php?rest_route=%2Fwp%2Fv2%2Fcomments&post=1215"}],"wp:featuredmedia":[{"embeddable":true,"href":"https:\/\/www.delagirafe.fr\/index.php?rest_route=\/wp\/v2\/media\/1220"}],"wp:attachment":[{"href":"https:\/\/www.delagirafe.fr\/index.php?rest_route=%2Fwp%2Fv2%2Fmedia&parent=1215"}],"wp:term":[{"taxonomy":"product_cat","embeddable":true,"href":"https:\/\/www.delagirafe.fr\/index.php?rest_route=%2Fwp%2Fv2%2Fproduct_cat&post=1215"},{"taxonomy":"product_tag","embeddable":true,"href":"https:\/\/www.delagirafe.fr\/index.php?rest_route=%2Fwp%2Fv2%2Fproduct_tag&post=1215"}],"curies":[{"name":"wp","href":"https:\/\/api.w.org\/{rel}","templated":true}]}}