{"id":1251,"date":"2022-10-21T21:56:33","date_gmt":"2022-10-21T19:56:33","guid":{"rendered":"https:\/\/www.delagirafe.fr\/?post_type=product&#038;p=1251"},"modified":"2022-10-24T15:51:16","modified_gmt":"2022-10-24T13:51:16","slug":"porte-bonheur-arbre-de-vie","status":"publish","type":"product","link":"https:\/\/www.delagirafe.fr\/?product=porte-bonheur-arbre-de-vie","title":{"rendered":"Porte-Bonheur &#8211; Arbre de vie"},"content":{"rendered":"<p>Porte-bonheur en bois<\/p>\n<p>&nbsp;<\/p>\n<p>Repr\u00e9sentant le cycle de vie et la continuit\u00e9 de la vie, l&rsquo;Arbre de vie est le symbole d&rsquo;\u00e9panouissement physique et spirituel. Transmetteur d&rsquo;\u00e9nergie positive, l&rsquo;une des vertus de l&rsquo; Arbre de vie est son effet porte-bonheur.<\/p>\n","protected":false},"excerpt":{"rendered":"<p>Porte-bonheur en bois<\/p>\n","protected":false},"featured_media":1252,"comment_status":"open","ping_status":"closed","template":"","meta":[],"product_cat":[34],"product_tag":[],"class_list":{"0":"post-1251","1":"product","2":"type-product","3":"status-publish","4":"has-post-thumbnail","6":"product_cat-energie-bien-etre","8":"first","9":"instock","10":"featured","11":"shipping-taxable","12":"purchasable","13":"product-type-simple"},"_links":{"self":[{"href":"https:\/\/www.delagirafe.fr\/index.php?rest_route=\/wp\/v2\/product\/1251"}],"collection":[{"href":"https:\/\/www.delagirafe.fr\/index.php?rest_route=\/wp\/v2\/product"}],"about":[{"href":"https:\/\/www.delagirafe.fr\/index.php?rest_route=\/wp\/v2\/types\/product"}],"replies":[{"embeddable":true,"href":"https:\/\/www.delagirafe.fr\/index.php?rest_route=%2Fwp%2Fv2%2Fcomments&post=1251"}],"wp:featuredmedia":[{"embeddable":true,"href":"https:\/\/www.delagirafe.fr\/index.php?rest_route=\/wp\/v2\/media\/1252"}],"wp:attachment":[{"href":"https:\/\/www.delagirafe.fr\/index.php?rest_route=%2Fwp%2Fv2%2Fmedia&parent=1251"}],"wp:term":[{"taxonomy":"product_cat","embeddable":true,"href":"https:\/\/www.delagirafe.fr\/index.php?rest_route=%2Fwp%2Fv2%2Fproduct_cat&post=1251"},{"taxonomy":"product_tag","embeddable":true,"href":"https:\/\/www.delagirafe.fr\/index.php?rest_route=%2Fwp%2Fv2%2Fproduct_tag&post=1251"}],"curies":[{"name":"wp","href":"https:\/\/api.w.org\/{rel}","templated":true}]}}