{"id":1337,"date":"2025-01-17T10:58:11","date_gmt":"2025-01-17T09:58:11","guid":{"rendered":"https:\/\/www.delagirafe.fr\/?post_type=product&#038;p=1337"},"modified":"2025-10-24T16:08:28","modified_gmt":"2025-10-24T14:08:28","slug":"petit-banc-en-bois-pour-enfant","status":"publish","type":"product","link":"https:\/\/www.delagirafe.fr\/?product=petit-banc-en-bois-pour-enfant","title":{"rendered":"Petit Banc en bois pour enfant"},"content":{"rendered":"<p>Voici le h\u00e9ros des petits bancs, sp\u00e9cialement con\u00e7u pour les aventuriers en herbe ! Fabriqu\u00e9 \u00e0 la main avec amour en Franche-Comt\u00e9, ce banc en bois est parfait pour s\u2019asseoir en jouant au super-h\u00e9ros, feuilleter des livres d\u2019histoires ou partager un go\u00fbter avec doudou et les copains.<\/p>\n<p>Mais ce n\u2019est pas tout ! Ce petit banc malin se transforme aussi en marchepied magique pour atteindre le lavabo et se brosser les dents comme un grand, ou pour attraper des tr\u00e9sors cach\u00e9s en hauteur (ou des biscuits !).<\/p>\n<p>Solide comme un arbre, mais aussi l\u00e9ger qu\u2019un secret, il est pr\u00eat \u00e0 accompagner toutes les aventures imaginaires. Bref, ce petit banc en bois, c\u2019est comme un meilleur ami qui ne bouge pas\u2026 sauf si on l\u2019emm\u00e8ne partout !<\/p>\n<p>&nbsp;<\/p>\n","protected":false},"excerpt":{"rendered":"<p>Ce petit banc en bois, fabriqu\u00e9 \u00e0 la main en Franche-Comt\u00e9, est parfait pour les petits aventuriers !<\/p>\n<p>Banc, marchepied pour se brosser les dents ou attraper des tr\u00e9sors, il est solide, pratique et plein de charme. Un compagnon fid\u00e8le pour toutes les grandes (et petites) aventures !\u00a0\u00bb<\/p>\n","protected":false},"featured_media":1375,"comment_status":"open","ping_status":"closed","template":"","meta":[],"product_cat":[52,47],"product_tag":[],"class_list":{"0":"post-1337","1":"product","2":"type-product","3":"status-publish","4":"has-post-thumbnail","6":"product_cat-cadeaux-de-naissance","7":"product_cat-naissance-enfance","9":"first","10":"instock","11":"shipping-taxable","12":"purchasable","13":"product-type-variable"},"_links":{"self":[{"href":"https:\/\/www.delagirafe.fr\/index.php?rest_route=\/wp\/v2\/product\/1337"}],"collection":[{"href":"https:\/\/www.delagirafe.fr\/index.php?rest_route=\/wp\/v2\/product"}],"about":[{"href":"https:\/\/www.delagirafe.fr\/index.php?rest_route=\/wp\/v2\/types\/product"}],"replies":[{"embeddable":true,"href":"https:\/\/www.delagirafe.fr\/index.php?rest_route=%2Fwp%2Fv2%2Fcomments&post=1337"}],"wp:featuredmedia":[{"embeddable":true,"href":"https:\/\/www.delagirafe.fr\/index.php?rest_route=\/wp\/v2\/media\/1375"}],"wp:attachment":[{"href":"https:\/\/www.delagirafe.fr\/index.php?rest_route=%2Fwp%2Fv2%2Fmedia&parent=1337"}],"wp:term":[{"taxonomy":"product_cat","embeddable":true,"href":"https:\/\/www.delagirafe.fr\/index.php?rest_route=%2Fwp%2Fv2%2Fproduct_cat&post=1337"},{"taxonomy":"product_tag","embeddable":true,"href":"https:\/\/www.delagirafe.fr\/index.php?rest_route=%2Fwp%2Fv2%2Fproduct_tag&post=1337"}],"curies":[{"name":"wp","href":"https:\/\/api.w.org\/{rel}","templated":true}]}}