{"id":134,"date":"2020-01-24T13:50:51","date_gmt":"2020-01-24T12:50:51","guid":{"rendered":"http:\/\/www.delagirafe.fr\/?post_type=product&#038;p=134"},"modified":"2025-10-24T15:13:37","modified_gmt":"2025-10-24T13:13:37","slug":"iponey","status":"publish","type":"product","link":"https:\/\/www.delagirafe.fr\/?product=iponey","title":{"rendered":"iPoney"},"content":{"rendered":"<p>V\u00e9ritable objet inutile qui conviendra parfaitement aux plus jeunes. N&rsquo;\u00e9met aucune onde nocive pour la sant\u00e9. En outre, le IPoney d\u00e9tient un record, celui de l&rsquo;autonomie.<\/p>\n<p>&nbsp;<\/p>\n<p>Dimensions :<br \/>\nLargeur 5,6 cm<br \/>\nHauteur 12,4 cm<br \/>\n\u00c9paisseur 0,6 cm<\/p>\n","protected":false},"excerpt":{"rendered":"<p>IPoney de comp\u00e9tition<\/p>\n","protected":false},"featured_media":1186,"comment_status":"open","ping_status":"closed","template":"","meta":[],"product_cat":[16,21],"product_tag":[],"class_list":{"0":"post-134","1":"product","2":"type-product","3":"status-publish","4":"has-post-thumbnail","6":"product_cat-non-classe","7":"product_cat-jeux","9":"first","10":"instock","11":"shipping-taxable","12":"purchasable","13":"product-type-simple"},"_links":{"self":[{"href":"https:\/\/www.delagirafe.fr\/index.php?rest_route=\/wp\/v2\/product\/134"}],"collection":[{"href":"https:\/\/www.delagirafe.fr\/index.php?rest_route=\/wp\/v2\/product"}],"about":[{"href":"https:\/\/www.delagirafe.fr\/index.php?rest_route=\/wp\/v2\/types\/product"}],"replies":[{"embeddable":true,"href":"https:\/\/www.delagirafe.fr\/index.php?rest_route=%2Fwp%2Fv2%2Fcomments&post=134"}],"wp:featuredmedia":[{"embeddable":true,"href":"https:\/\/www.delagirafe.fr\/index.php?rest_route=\/wp\/v2\/media\/1186"}],"wp:attachment":[{"href":"https:\/\/www.delagirafe.fr\/index.php?rest_route=%2Fwp%2Fv2%2Fmedia&parent=134"}],"wp:term":[{"taxonomy":"product_cat","embeddable":true,"href":"https:\/\/www.delagirafe.fr\/index.php?rest_route=%2Fwp%2Fv2%2Fproduct_cat&post=134"},{"taxonomy":"product_tag","embeddable":true,"href":"https:\/\/www.delagirafe.fr\/index.php?rest_route=%2Fwp%2Fv2%2Fproduct_tag&post=134"}],"curies":[{"name":"wp","href":"https:\/\/api.w.org\/{rel}","templated":true}]}}