{"id":260,"date":"2020-02-06T16:34:19","date_gmt":"2020-02-06T15:34:19","guid":{"rendered":"http:\/\/www.delagirafe.fr\/?post_type=product&#038;p=260"},"modified":"2021-02-10T08:03:48","modified_gmt":"2021-02-10T07:03:48","slug":"noeud-papillon-en-bois","status":"publish","type":"product","link":"https:\/\/www.delagirafe.fr\/?product=noeud-papillon-en-bois","title":{"rendered":"N\u0153ud papillon en bois"},"content":{"rendered":"<p>Notre n\u0153ud papillon est un des seuls a \u00eatre sculpt\u00e9 en France, dans une masse de bois noble (ch\u00eane, h\u00eatre ou freine en fonction du coloris), plus pr\u00e9cis\u00e9ment dans notre atelier \u00e0 la Breteni\u00e8re dans le Doubs.<\/p>\n<p>Par la suite, le n\u0153ud papillon est d\u00e9tour\u00e9, ponc\u00e9, poli, peint et grav\u00e9 \u00e0 la main par votre artisan.<\/p>\n<p>Chaque exemplaire sera num\u00e9rot\u00e9, livr\u00e9 avec un certificat d\u2019authenticit\u00e9 et une boite en bois fabriqu\u00e9 dans notre atelier.<\/p>\n<p>N&rsquo;h\u00e9sitez pas \u00e0 nous consulter, nous r\u00e9pondrons personnellement \u00e0 toutes vos demandes.<\/p>\n<p>&nbsp;<\/p>\n<p>&nbsp;<\/p>\n<p>&nbsp;<\/p>\n<p>&nbsp;<\/p>\n<p>&nbsp;<\/p>\n","protected":false},"excerpt":{"rendered":"<p>Notre n\u0153ud papillon est un des seuls a \u00eatre sculpt\u00e9 en France, dans une masse de bois noble.<\/p>\n","protected":false},"featured_media":789,"comment_status":"open","ping_status":"closed","template":"","meta":[],"product_cat":[25],"product_tag":[],"class_list":{"0":"post-260","1":"product","2":"type-product","3":"status-publish","4":"has-post-thumbnail","6":"product_cat-objets-deco","8":"first","9":"instock","10":"sale","11":"shipping-taxable","12":"purchasable","13":"product-type-simple"},"_links":{"self":[{"href":"https:\/\/www.delagirafe.fr\/index.php?rest_route=\/wp\/v2\/product\/260"}],"collection":[{"href":"https:\/\/www.delagirafe.fr\/index.php?rest_route=\/wp\/v2\/product"}],"about":[{"href":"https:\/\/www.delagirafe.fr\/index.php?rest_route=\/wp\/v2\/types\/product"}],"replies":[{"embeddable":true,"href":"https:\/\/www.delagirafe.fr\/index.php?rest_route=%2Fwp%2Fv2%2Fcomments&post=260"}],"wp:featuredmedia":[{"embeddable":true,"href":"https:\/\/www.delagirafe.fr\/index.php?rest_route=\/wp\/v2\/media\/789"}],"wp:attachment":[{"href":"https:\/\/www.delagirafe.fr\/index.php?rest_route=%2Fwp%2Fv2%2Fmedia&parent=260"}],"wp:term":[{"taxonomy":"product_cat","embeddable":true,"href":"https:\/\/www.delagirafe.fr\/index.php?rest_route=%2Fwp%2Fv2%2Fproduct_cat&post=260"},{"taxonomy":"product_tag","embeddable":true,"href":"https:\/\/www.delagirafe.fr\/index.php?rest_route=%2Fwp%2Fv2%2Fproduct_tag&post=260"}],"curies":[{"name":"wp","href":"https:\/\/api.w.org\/{rel}","templated":true}]}}