{"id":286,"date":"2020-07-08T10:18:06","date_gmt":"2020-07-08T08:18:06","guid":{"rendered":"http:\/\/www.delagirafe.fr\/?post_type=product&#038;p=286"},"modified":"2025-10-24T14:14:14","modified_gmt":"2025-10-24T12:14:14","slug":"puzzle-205-gti","status":"publish","type":"product","link":"https:\/\/www.delagirafe.fr\/?product=puzzle-205-gti","title":{"rendered":"Puzzle &#8211; 205 GTI"},"content":{"rendered":"<p>La mythique 205 GTI au format Puzzle.<\/p>\n<p>Pour initier les plus jeunes \u00e0 notre beau patrimoine m\u00e9canique Fran\u00e7ais.<\/p>\n<p>Article cr\u00e9\u00e9 et produit dans notre atelier.<\/p>\n","protected":false},"excerpt":{"rendered":"<p>La mythique 205 GTI au format Puzzle. Pour initier les plus jeunes \u00e0 notre beau patrimoine m\u00e9canique Fran\u00e7ais. Article cr\u00e9\u00e9 et produit dans notre atelier.<\/p>\n","protected":false},"featured_media":287,"comment_status":"open","ping_status":"closed","template":"","meta":[],"product_cat":[21],"product_tag":[],"class_list":{"0":"post-286","1":"product","2":"type-product","3":"status-publish","4":"has-post-thumbnail","6":"product_cat-jeux","8":"first","9":"instock","10":"shipping-taxable","11":"purchasable","12":"product-type-simple"},"_links":{"self":[{"href":"https:\/\/www.delagirafe.fr\/index.php?rest_route=\/wp\/v2\/product\/286"}],"collection":[{"href":"https:\/\/www.delagirafe.fr\/index.php?rest_route=\/wp\/v2\/product"}],"about":[{"href":"https:\/\/www.delagirafe.fr\/index.php?rest_route=\/wp\/v2\/types\/product"}],"replies":[{"embeddable":true,"href":"https:\/\/www.delagirafe.fr\/index.php?rest_route=%2Fwp%2Fv2%2Fcomments&post=286"}],"wp:featuredmedia":[{"embeddable":true,"href":"https:\/\/www.delagirafe.fr\/index.php?rest_route=\/wp\/v2\/media\/287"}],"wp:attachment":[{"href":"https:\/\/www.delagirafe.fr\/index.php?rest_route=%2Fwp%2Fv2%2Fmedia&parent=286"}],"wp:term":[{"taxonomy":"product_cat","embeddable":true,"href":"https:\/\/www.delagirafe.fr\/index.php?rest_route=%2Fwp%2Fv2%2Fproduct_cat&post=286"},{"taxonomy":"product_tag","embeddable":true,"href":"https:\/\/www.delagirafe.fr\/index.php?rest_route=%2Fwp%2Fv2%2Fproduct_tag&post=286"}],"curies":[{"name":"wp","href":"https:\/\/api.w.org\/{rel}","templated":true}]}}