{"id":299,"date":"2020-07-08T10:58:19","date_gmt":"2020-07-08T08:58:19","guid":{"rendered":"http:\/\/www.delagirafe.fr\/?post_type=product&#038;p=299"},"modified":"2025-10-24T14:14:13","modified_gmt":"2025-10-24T12:14:13","slug":"puzzle-triceratops","status":"publish","type":"product","link":"https:\/\/www.delagirafe.fr\/?product=puzzle-triceratops","title":{"rendered":"Puzzle &#8211; Triceratops"},"content":{"rendered":"<p>Tremblez de peur avec ce puzzle tric\u00e9ratops aux formes et aux contours tr\u00e8s r\u00e9alistes.<\/p>\n<p>Cadeau id\u00e9al pour les fans de dinosaures !<\/p>\n<p>&nbsp;<\/p>\n<p>Format 28cm x 20cm x 6mm<\/p>\n<p>Article cr\u00e9\u00e9 et produit dans notre atelier.<\/p>\n","protected":false},"excerpt":{"rendered":"<p>Puzzle tric\u00e9ratops en bois &#8211; Artisanal<\/p>\n","protected":false},"featured_media":292,"comment_status":"open","ping_status":"closed","template":"","meta":[],"product_cat":[21],"product_tag":[],"class_list":{"0":"post-299","1":"product","2":"type-product","3":"status-publish","4":"has-post-thumbnail","6":"product_cat-jeux","8":"first","9":"instock","10":"shipping-taxable","11":"purchasable","12":"product-type-simple"},"_links":{"self":[{"href":"https:\/\/www.delagirafe.fr\/index.php?rest_route=\/wp\/v2\/product\/299"}],"collection":[{"href":"https:\/\/www.delagirafe.fr\/index.php?rest_route=\/wp\/v2\/product"}],"about":[{"href":"https:\/\/www.delagirafe.fr\/index.php?rest_route=\/wp\/v2\/types\/product"}],"replies":[{"embeddable":true,"href":"https:\/\/www.delagirafe.fr\/index.php?rest_route=%2Fwp%2Fv2%2Fcomments&post=299"}],"wp:featuredmedia":[{"embeddable":true,"href":"https:\/\/www.delagirafe.fr\/index.php?rest_route=\/wp\/v2\/media\/292"}],"wp:attachment":[{"href":"https:\/\/www.delagirafe.fr\/index.php?rest_route=%2Fwp%2Fv2%2Fmedia&parent=299"}],"wp:term":[{"taxonomy":"product_cat","embeddable":true,"href":"https:\/\/www.delagirafe.fr\/index.php?rest_route=%2Fwp%2Fv2%2Fproduct_cat&post=299"},{"taxonomy":"product_tag","embeddable":true,"href":"https:\/\/www.delagirafe.fr\/index.php?rest_route=%2Fwp%2Fv2%2Fproduct_tag&post=299"}],"curies":[{"name":"wp","href":"https:\/\/api.w.org\/{rel}","templated":true}]}}