{"id":301,"date":"2020-07-08T11:33:04","date_gmt":"2020-07-08T09:33:04","guid":{"rendered":"http:\/\/www.delagirafe.fr\/?post_type=product&#038;p=301"},"modified":"2024-07-30T08:50:05","modified_gmt":"2024-07-30T06:50:05","slug":"lampe-bois-edison","status":"publish","type":"product","link":"https:\/\/www.delagirafe.fr\/?product=lampe-bois-edison","title":{"rendered":"Lampe bois Edison"},"content":{"rendered":"<p>Moderne et tr\u00e8s \u00e9pur\u00e9e, cette lampe a \u00e9t\u00e9 imagin\u00e9e, dessin\u00e9e, r\u00e9alis\u00e9e et assembl\u00e9e \u00e0 la main dans notre atelier de La Breteni\u00e8re. Elle s\u2019int\u00e9grera parfaitement dans votre int\u00e9rieur et pourra vous servir d&rsquo;\u00e9clairage principal comme secondaire gr\u00e2ce \u00e0 son option de r\u00e9tro-\u00e9clairage. Ayant pour objectif la protection de l&rsquo;environnement, les deux ampoules \u00e0 Led sont fournies mais vous pourrez \u00e0 votre guise mettre une ampoule \u00e0 filament (pour l&rsquo;\u00e9clairage principal). Fabriqu\u00e9e en h\u00eatre massif, le bois est trait\u00e9 avec un m\u00e9lange de cire d&rsquo;abeille et d&rsquo;huile de lin.<\/p>\n","protected":false},"excerpt":{"rendered":"<p>Moderne et tr\u00e8s \u00e9pur\u00e9e, cette lampe a \u00e9t\u00e9 imagin\u00e9e, dessin\u00e9e, r\u00e9alis\u00e9e et assembl\u00e9e \u00e0 la main dans notre atelier de La Breteni\u00e8re.<\/p>\n<p>Elle s\u2019int\u00e9grera parfaitement dans votre int\u00e9rieur et pourra vous servir d&rsquo;\u00e9clairage principal comme secondaire gr\u00e2ce \u00e0 son option de r\u00e9tro-\u00e9clairage. Ayant pour objectif la protection de l&rsquo;environnement, les deux ampoules \u00e0 Led sont fournies mais vous pourrez \u00e0 votre guise mettre une ampoule \u00e0 filament (pour l&rsquo;\u00e9clairage principal).<\/p>\n<p>Fabriqu\u00e9e en h\u00eatre massif, le bois est trait\u00e9 avec un m\u00e9lange de cire d&rsquo;abeille et d&rsquo;huile de lin.<\/p>\n<p>&nbsp;<\/p>\n","protected":false},"featured_media":302,"comment_status":"open","ping_status":"closed","template":"","meta":[],"product_cat":[25],"product_tag":[],"class_list":{"0":"post-301","1":"product","2":"type-product","3":"status-publish","4":"has-post-thumbnail","6":"product_cat-objets-deco","8":"first","9":"instock","10":"shipping-taxable","11":"purchasable","12":"product-type-simple"},"_links":{"self":[{"href":"https:\/\/www.delagirafe.fr\/index.php?rest_route=\/wp\/v2\/product\/301"}],"collection":[{"href":"https:\/\/www.delagirafe.fr\/index.php?rest_route=\/wp\/v2\/product"}],"about":[{"href":"https:\/\/www.delagirafe.fr\/index.php?rest_route=\/wp\/v2\/types\/product"}],"replies":[{"embeddable":true,"href":"https:\/\/www.delagirafe.fr\/index.php?rest_route=%2Fwp%2Fv2%2Fcomments&post=301"}],"wp:featuredmedia":[{"embeddable":true,"href":"https:\/\/www.delagirafe.fr\/index.php?rest_route=\/wp\/v2\/media\/302"}],"wp:attachment":[{"href":"https:\/\/www.delagirafe.fr\/index.php?rest_route=%2Fwp%2Fv2%2Fmedia&parent=301"}],"wp:term":[{"taxonomy":"product_cat","embeddable":true,"href":"https:\/\/www.delagirafe.fr\/index.php?rest_route=%2Fwp%2Fv2%2Fproduct_cat&post=301"},{"taxonomy":"product_tag","embeddable":true,"href":"https:\/\/www.delagirafe.fr\/index.php?rest_route=%2Fwp%2Fv2%2Fproduct_tag&post=301"}],"curies":[{"name":"wp","href":"https:\/\/api.w.org\/{rel}","templated":true}]}}