{"id":363,"date":"2020-07-09T15:40:47","date_gmt":"2020-07-09T13:40:47","guid":{"rendered":"http:\/\/www.delagirafe.fr\/?post_type=product&#038;p=363"},"modified":"2020-08-25T12:00:57","modified_gmt":"2020-08-25T10:00:57","slug":"blason-franc-comtois-grand-format","status":"publish","type":"product","link":"https:\/\/www.delagirafe.fr\/?product=blason-franc-comtois-grand-format","title":{"rendered":"Blason Franc-Comtois &#8211; Grand Format"},"content":{"rendered":"<p>Montrez votre attachement \u00e0 la plus belle r\u00e9gion de France avec ce grand blason.<\/p>\n<p>&nbsp;<\/p>\n<p>Format : Environ 60cm x 80cm x Ep 5mm<\/p>\n<p>Article cr\u00e9\u00e9 et produit dans notre atelier.<\/p>\n","protected":false},"excerpt":{"rendered":"<p>Montrez votre attachement \u00e0 la plus belle r\u00e9gion de France avec ce grand blason. &nbsp; Format : Environ 60cm x 80cm x Ep 5mm Article cr\u00e9\u00e9 et produit dans notre atelier.<\/p>\n","protected":false},"featured_media":364,"comment_status":"open","ping_status":"closed","template":"","meta":[],"product_cat":[18],"product_tag":[],"class_list":{"0":"post-363","1":"product","2":"type-product","3":"status-publish","4":"has-post-thumbnail","6":"product_cat-blasons-symboles","8":"first","9":"instock","10":"shipping-taxable","11":"purchasable","12":"product-type-simple"},"_links":{"self":[{"href":"https:\/\/www.delagirafe.fr\/index.php?rest_route=\/wp\/v2\/product\/363"}],"collection":[{"href":"https:\/\/www.delagirafe.fr\/index.php?rest_route=\/wp\/v2\/product"}],"about":[{"href":"https:\/\/www.delagirafe.fr\/index.php?rest_route=\/wp\/v2\/types\/product"}],"replies":[{"embeddable":true,"href":"https:\/\/www.delagirafe.fr\/index.php?rest_route=%2Fwp%2Fv2%2Fcomments&post=363"}],"wp:featuredmedia":[{"embeddable":true,"href":"https:\/\/www.delagirafe.fr\/index.php?rest_route=\/wp\/v2\/media\/364"}],"wp:attachment":[{"href":"https:\/\/www.delagirafe.fr\/index.php?rest_route=%2Fwp%2Fv2%2Fmedia&parent=363"}],"wp:term":[{"taxonomy":"product_cat","embeddable":true,"href":"https:\/\/www.delagirafe.fr\/index.php?rest_route=%2Fwp%2Fv2%2Fproduct_cat&post=363"},{"taxonomy":"product_tag","embeddable":true,"href":"https:\/\/www.delagirafe.fr\/index.php?rest_route=%2Fwp%2Fv2%2Fproduct_tag&post=363"}],"curies":[{"name":"wp","href":"https:\/\/api.w.org\/{rel}","templated":true}]}}