{"id":375,"date":"2020-07-27T18:52:02","date_gmt":"2020-07-27T16:52:02","guid":{"rendered":"http:\/\/www.delagirafe.fr\/?post_type=product&#038;p=375"},"modified":"2025-10-24T14:14:13","modified_gmt":"2025-10-24T12:14:13","slug":"puzzle-2cv","status":"publish","type":"product","link":"https:\/\/www.delagirafe.fr\/?product=puzzle-2cv","title":{"rendered":"Puzzle &#8211; 2CV"},"content":{"rendered":"<p>La 2CV, la Deuche, la Deudeuche ou encore la Deux pattes, en r\u00e9f\u00e9rence \u00e0 son moteur bicylindre.<\/p>\n<p class=\"LC20lb MMgsKf\">Du Gendarme de Saint Tropez avec De Fun\u00e8s au Corniaud avec Bourvil, elle a fait r\u00eaver et fait encore r\u00eaver toutes les g\u00e9n\u00e9rations&#8230; Une l\u00e9gende !<\/p>\n<p class=\"H1u2de\">Nous vous la proposons aujourd\u2019hui au format puzzle.<\/p>\n<p>&nbsp;<\/p>\n<p>Format 28cm x 20cm x 6mm<\/p>\n<p>Article cr\u00e9\u00e9 et produit dans notre atelier.<\/p>\n","protected":false},"excerpt":{"rendered":"<p>La 2CV, la Deuche, la Deudeuche ou encore la Deux pattes, en r\u00e9f\u00e9rence \u00e0 son moteur bicylindre. Du Gendarme de Saint Tropez avec De Fun\u00e8s au Corniaud avec Bourvil, elle a fait r\u00eaver et fait encore r\u00eaver toutes les g\u00e9n\u00e9rations&#8230; Une l\u00e9gende ! Nous vous la proposons aujourd\u2019hui au format puzzle. &nbsp; Format 28cm x &#8230; <a title=\"Puzzle &#8211; 2CV\" class=\"read-more\" href=\"https:\/\/www.delagirafe.fr\/?product=puzzle-2cv\" aria-label=\"En savoir plus sur Puzzle &#8211; 2CV\">Lire la suite<\/a><\/p>\n","protected":false},"featured_media":376,"comment_status":"open","ping_status":"closed","template":"","meta":[],"product_cat":[21],"product_tag":[],"class_list":{"0":"post-375","1":"product","2":"type-product","3":"status-publish","4":"has-post-thumbnail","6":"product_cat-jeux","8":"first","9":"instock","10":"shipping-taxable","11":"purchasable","12":"product-type-simple"},"_links":{"self":[{"href":"https:\/\/www.delagirafe.fr\/index.php?rest_route=\/wp\/v2\/product\/375"}],"collection":[{"href":"https:\/\/www.delagirafe.fr\/index.php?rest_route=\/wp\/v2\/product"}],"about":[{"href":"https:\/\/www.delagirafe.fr\/index.php?rest_route=\/wp\/v2\/types\/product"}],"replies":[{"embeddable":true,"href":"https:\/\/www.delagirafe.fr\/index.php?rest_route=%2Fwp%2Fv2%2Fcomments&post=375"}],"wp:featuredmedia":[{"embeddable":true,"href":"https:\/\/www.delagirafe.fr\/index.php?rest_route=\/wp\/v2\/media\/376"}],"wp:attachment":[{"href":"https:\/\/www.delagirafe.fr\/index.php?rest_route=%2Fwp%2Fv2%2Fmedia&parent=375"}],"wp:term":[{"taxonomy":"product_cat","embeddable":true,"href":"https:\/\/www.delagirafe.fr\/index.php?rest_route=%2Fwp%2Fv2%2Fproduct_cat&post=375"},{"taxonomy":"product_tag","embeddable":true,"href":"https:\/\/www.delagirafe.fr\/index.php?rest_route=%2Fwp%2Fv2%2Fproduct_tag&post=375"}],"curies":[{"name":"wp","href":"https:\/\/api.w.org\/{rel}","templated":true}]}}