{"id":381,"date":"2020-07-28T10:58:09","date_gmt":"2020-07-28T08:58:09","guid":{"rendered":"http:\/\/www.delagirafe.fr\/?post_type=product&#038;p=381"},"modified":"2024-07-30T08:50:05","modified_gmt":"2024-07-30T06:50:05","slug":"carte-3d-licorne","status":"publish","type":"product","link":"https:\/\/www.delagirafe.fr\/?product=carte-3d-licorne","title":{"rendered":"Carte 3D &#8211; Licorne"},"content":{"rendered":"<p>Celle-ci en version licorne.<\/p>\n<p>Nos Cartes 3D font de parfaits petits cadeaux originaux pour envoyer, personnaliser, d\u00e9corer&#8230;<\/p>\n<p>Format : Environ 14cm x 10cm x 3mm<\/p>\n<p>Article cr\u00e9\u00e9 et produit dans notre atelier.<\/p>\n","protected":false},"excerpt":{"rendered":"<p>Celle-ci en version licorne. Nos Cartes 3D font de parfaits petits cadeaux originaux pour envoyer, personnaliser, d\u00e9corer&#8230; Format : Environ 14cm x 10cm x 3mm Article cr\u00e9\u00e9 et produit dans notre atelier.<\/p>\n","protected":false},"featured_media":388,"comment_status":"open","ping_status":"closed","template":"","meta":[],"product_cat":[33,21],"product_tag":[],"class_list":{"0":"post-381","1":"product","2":"type-product","3":"status-publish","4":"has-post-thumbnail","6":"product_cat-cartes-postales","7":"product_cat-jeux","9":"first","10":"instock","11":"shipping-taxable","12":"purchasable","13":"product-type-simple"},"_links":{"self":[{"href":"https:\/\/www.delagirafe.fr\/index.php?rest_route=\/wp\/v2\/product\/381"}],"collection":[{"href":"https:\/\/www.delagirafe.fr\/index.php?rest_route=\/wp\/v2\/product"}],"about":[{"href":"https:\/\/www.delagirafe.fr\/index.php?rest_route=\/wp\/v2\/types\/product"}],"replies":[{"embeddable":true,"href":"https:\/\/www.delagirafe.fr\/index.php?rest_route=%2Fwp%2Fv2%2Fcomments&post=381"}],"wp:featuredmedia":[{"embeddable":true,"href":"https:\/\/www.delagirafe.fr\/index.php?rest_route=\/wp\/v2\/media\/388"}],"wp:attachment":[{"href":"https:\/\/www.delagirafe.fr\/index.php?rest_route=%2Fwp%2Fv2%2Fmedia&parent=381"}],"wp:term":[{"taxonomy":"product_cat","embeddable":true,"href":"https:\/\/www.delagirafe.fr\/index.php?rest_route=%2Fwp%2Fv2%2Fproduct_cat&post=381"},{"taxonomy":"product_tag","embeddable":true,"href":"https:\/\/www.delagirafe.fr\/index.php?rest_route=%2Fwp%2Fv2%2Fproduct_tag&post=381"}],"curies":[{"name":"wp","href":"https:\/\/api.w.org\/{rel}","templated":true}]}}