{"id":396,"date":"2020-08-20T11:43:41","date_gmt":"2020-08-20T09:43:41","guid":{"rendered":"http:\/\/www.delagirafe.fr\/?post_type=product&#038;p=396"},"modified":"2020-08-28T11:19:26","modified_gmt":"2020-08-28T09:19:26","slug":"dessous-de-carafe-fleur-de-vie-octogone-hetre-massif","status":"publish","type":"product","link":"https:\/\/www.delagirafe.fr\/?product=dessous-de-carafe-fleur-de-vie-octogone-hetre-massif","title":{"rendered":"Dessous de Carafe &#8211; Fleur de Vie &#8211; Octogone &#8211; H\u00eatre Massif"},"content":{"rendered":"<p>R\u00e9alis\u00e9 avec calme et en conscience, cet objet n&rsquo;est pas un simple morceau de bois.<\/p>\n<p>En bois de h\u00eatre massif, l&rsquo;octogone se r\u00e9f\u00e8re \u00e0 un symbole \u00e0 huit c\u00f4t\u00e9s qui est consid\u00e9r\u00e9 comme un outil merveilleux pour attirer une bonne \u00e9nergie et la positivit\u00e9.<\/p>\n<p>La fleur de vie, symbole ancestrale et puissant, une onde de forme capable de r\u00e9-harmoniser l\u2019\u00e9nergie vibratoire de l\u2019eau et bien plus encore&#8230;<\/p>\n<p>&nbsp;<\/p>\n<p>Format : Environ 15cm x 15cm x 25mm<\/p>\n<p>Article cr\u00e9\u00e9 et produit dans notre atelier.<\/p>\n","protected":false},"excerpt":{"rendered":"<p>R\u00e9alis\u00e9 avec calme et en conscience, cet objet n&rsquo;est pas un simple morceau de bois. En bois de h\u00eatre massif, l&rsquo;octogone se r\u00e9f\u00e8re \u00e0 un symbole \u00e0 huit c\u00f4t\u00e9s qui est consid\u00e9r\u00e9 comme un outil merveilleux pour attirer une bonne \u00e9nergie et la positivit\u00e9. La fleur de vie, symbole ancestrale et puissant, une onde de &#8230; <a title=\"Dessous de Carafe &#8211; Fleur de Vie &#8211; Octogone &#8211; H\u00eatre Massif\" class=\"read-more\" href=\"https:\/\/www.delagirafe.fr\/?product=dessous-de-carafe-fleur-de-vie-octogone-hetre-massif\" aria-label=\"En savoir plus sur Dessous de Carafe &#8211; Fleur de Vie &#8211; Octogone &#8211; H\u00eatre Massif\">Lire la suite<\/a><\/p>\n","protected":false},"featured_media":397,"comment_status":"open","ping_status":"closed","template":"","meta":[],"product_cat":[34,25],"product_tag":[],"class_list":{"0":"post-396","1":"product","2":"type-product","3":"status-publish","4":"has-post-thumbnail","6":"product_cat-energie-bien-etre","7":"product_cat-objets-deco","9":"first","10":"instock","11":"shipping-taxable","12":"purchasable","13":"product-type-simple"},"_links":{"self":[{"href":"https:\/\/www.delagirafe.fr\/index.php?rest_route=\/wp\/v2\/product\/396"}],"collection":[{"href":"https:\/\/www.delagirafe.fr\/index.php?rest_route=\/wp\/v2\/product"}],"about":[{"href":"https:\/\/www.delagirafe.fr\/index.php?rest_route=\/wp\/v2\/types\/product"}],"replies":[{"embeddable":true,"href":"https:\/\/www.delagirafe.fr\/index.php?rest_route=%2Fwp%2Fv2%2Fcomments&post=396"}],"wp:featuredmedia":[{"embeddable":true,"href":"https:\/\/www.delagirafe.fr\/index.php?rest_route=\/wp\/v2\/media\/397"}],"wp:attachment":[{"href":"https:\/\/www.delagirafe.fr\/index.php?rest_route=%2Fwp%2Fv2%2Fmedia&parent=396"}],"wp:term":[{"taxonomy":"product_cat","embeddable":true,"href":"https:\/\/www.delagirafe.fr\/index.php?rest_route=%2Fwp%2Fv2%2Fproduct_cat&post=396"},{"taxonomy":"product_tag","embeddable":true,"href":"https:\/\/www.delagirafe.fr\/index.php?rest_route=%2Fwp%2Fv2%2Fproduct_tag&post=396"}],"curies":[{"name":"wp","href":"https:\/\/api.w.org\/{rel}","templated":true}]}}