{"id":409,"date":"2020-08-21T08:57:23","date_gmt":"2020-08-21T06:57:23","guid":{"rendered":"http:\/\/www.delagirafe.fr\/?post_type=product&#038;p=409"},"modified":"2020-08-28T14:21:40","modified_gmt":"2020-08-28T12:21:40","slug":"pancarte-20x20-port-du-masque-obligatoire-bouleau","status":"publish","type":"product","link":"https:\/\/www.delagirafe.fr\/?product=pancarte-20x20-port-du-masque-obligatoire-bouleau","title":{"rendered":"Pancarte 20&#215;20 &#8211; Port Du Masque Obligatoire &#8211; Bouleau"},"content":{"rendered":"<p>Offrez \u00e0 votre boutique cette pancarte \u00ab\u00a0Port Du Masque Obligatoire\u00a0\u00bb en bois de bouleau.<\/p>\n<p>Objet livr\u00e9 avec ses 4 ventouses, voir photo 2.<\/p>\n<p>N&rsquo;h\u00e9sitez pas \u00e0 nous contacter pour d&rsquo;autres syst\u00e8mes de fixation.<\/p>\n<p>Petit prix, effet garanti !<\/p>\n<p>&nbsp;<\/p>\n<p>Format : Environ 20cm x 20cm x 3mm<\/p>\n<p>Article cr\u00e9\u00e9 et produit dans notre atelier.<\/p>\n","protected":false},"excerpt":{"rendered":"<p>Pancarte \u00ab\u00a0Port Du Masque Obligatoire\u00a0\u00bb en bois de bouleau.<\/p>\n<p>Format : Environ 20cm x 20cm x 3mm<\/p>\n<p>Article cr\u00e9\u00e9 et produit dans notre atelier.<\/p>\n<p>&nbsp;<\/p>\n","protected":false},"featured_media":406,"comment_status":"open","ping_status":"closed","template":"","meta":[],"product_cat":[35],"product_tag":[],"class_list":{"0":"post-409","1":"product","2":"type-product","3":"status-publish","4":"has-post-thumbnail","6":"product_cat-pro","8":"first","9":"instock","10":"shipping-taxable","11":"purchasable","12":"product-type-simple"},"_links":{"self":[{"href":"https:\/\/www.delagirafe.fr\/index.php?rest_route=\/wp\/v2\/product\/409"}],"collection":[{"href":"https:\/\/www.delagirafe.fr\/index.php?rest_route=\/wp\/v2\/product"}],"about":[{"href":"https:\/\/www.delagirafe.fr\/index.php?rest_route=\/wp\/v2\/types\/product"}],"replies":[{"embeddable":true,"href":"https:\/\/www.delagirafe.fr\/index.php?rest_route=%2Fwp%2Fv2%2Fcomments&post=409"}],"wp:featuredmedia":[{"embeddable":true,"href":"https:\/\/www.delagirafe.fr\/index.php?rest_route=\/wp\/v2\/media\/406"}],"wp:attachment":[{"href":"https:\/\/www.delagirafe.fr\/index.php?rest_route=%2Fwp%2Fv2%2Fmedia&parent=409"}],"wp:term":[{"taxonomy":"product_cat","embeddable":true,"href":"https:\/\/www.delagirafe.fr\/index.php?rest_route=%2Fwp%2Fv2%2Fproduct_cat&post=409"},{"taxonomy":"product_tag","embeddable":true,"href":"https:\/\/www.delagirafe.fr\/index.php?rest_route=%2Fwp%2Fv2%2Fproduct_tag&post=409"}],"curies":[{"name":"wp","href":"https:\/\/api.w.org\/{rel}","templated":true}]}}