{"id":465,"date":"2020-10-02T15:29:33","date_gmt":"2020-10-02T13:29:33","guid":{"rendered":"http:\/\/www.delagirafe.fr\/?post_type=product&#038;p=465"},"modified":"2025-11-07T09:19:22","modified_gmt":"2025-11-07T08:19:22","slug":"planche-de-service-a-mont-dor","status":"publish","type":"product","link":"https:\/\/www.delagirafe.fr\/?product=planche-de-service-a-mont-dor","title":{"rendered":"Planche de service \u00e0 Mont d&rsquo;Or"},"content":{"rendered":"<p>Hmmm&#8230; La bonne odeur du Mont d&rsquo;Or chaud&#8230;\u00a0 Ne vous brulez plus les doigts pour servir votre Mont D&rsquo;or.<\/p>\n<p>Utilisez cette belle <strong>planche de service \u00e0 Mont d&rsquo;Or <\/strong>et partagez ensemble une soir\u00e9e parfaite autour de ce fromage qui fait la fiert\u00e9 Franc-Comtoise depuis des g\u00e9n\u00e9rations.<\/p>\n<p>Lorsque l&rsquo;on dit 100% Franc-Comtois c&rsquo;est :<\/p>\n<ul>\n<li>Conception Franc-Comtoise<\/li>\n<li>Bois Franc-Comtois<\/li>\n<li>Usinage en Franche-Comt\u00e9 \u00e0 la fabrique<\/li>\n<\/ul>\n<p>Comme vous le savez s\u00fbrement les for\u00eats en Franche-Comt\u00e9 souffrent du r\u00e9chauffement. Nous nous effor\u00e7ons d&rsquo;utiliser du bois sec afin d&rsquo;\u00e9viter tout gaspillage, d&rsquo;o\u00f9 l&rsquo;aspect brut de la planche.<\/p>\n<p>En achetant cette <strong>planche de service \u00e0 Mont d&rsquo;Or<\/strong> qui sent bon la r\u00e9sine, vous faites vivre un artisan local, sa famille et toute une fili\u00e8re bois qui a grandement besoin de vous !<\/p>\n<p>&nbsp;<\/p>\n","protected":false},"excerpt":{"rendered":"<p>Hmmm&#8230; La bonne odeur du Mont d&rsquo;Or chaud&#8230; Ouille !!! Ne vous brulez plus les doigts pour servir votre Mont D&rsquo;or.<\/p>\n<p>Utilisez cette belle <strong>planche de service \u00e0 Mont d&rsquo;Or <\/strong>et partagez ensemble une soir\u00e9e parfaite autour de ce fromage qui fait la fiert\u00e9 Franc-Comtoise depuis des g\u00e9n\u00e9rations.<\/p>\n","protected":false},"featured_media":473,"comment_status":"open","ping_status":"closed","template":"","meta":[],"product_cat":[41,49],"product_tag":[],"class_list":{"0":"post-465","1":"product","2":"type-product","3":"status-publish","4":"has-post-thumbnail","6":"product_cat-autour-de-la-table","7":"product_cat-planches","9":"first","10":"instock","11":"shipping-taxable","12":"purchasable","13":"product-type-variable"},"_links":{"self":[{"href":"https:\/\/www.delagirafe.fr\/index.php?rest_route=\/wp\/v2\/product\/465"}],"collection":[{"href":"https:\/\/www.delagirafe.fr\/index.php?rest_route=\/wp\/v2\/product"}],"about":[{"href":"https:\/\/www.delagirafe.fr\/index.php?rest_route=\/wp\/v2\/types\/product"}],"replies":[{"embeddable":true,"href":"https:\/\/www.delagirafe.fr\/index.php?rest_route=%2Fwp%2Fv2%2Fcomments&post=465"}],"wp:featuredmedia":[{"embeddable":true,"href":"https:\/\/www.delagirafe.fr\/index.php?rest_route=\/wp\/v2\/media\/473"}],"wp:attachment":[{"href":"https:\/\/www.delagirafe.fr\/index.php?rest_route=%2Fwp%2Fv2%2Fmedia&parent=465"}],"wp:term":[{"taxonomy":"product_cat","embeddable":true,"href":"https:\/\/www.delagirafe.fr\/index.php?rest_route=%2Fwp%2Fv2%2Fproduct_cat&post=465"},{"taxonomy":"product_tag","embeddable":true,"href":"https:\/\/www.delagirafe.fr\/index.php?rest_route=%2Fwp%2Fv2%2Fproduct_tag&post=465"}],"curies":[{"name":"wp","href":"https:\/\/api.w.org\/{rel}","templated":true}]}}