{"id":485,"date":"2020-11-03T15:58:07","date_gmt":"2020-11-03T14:58:07","guid":{"rendered":"http:\/\/www.delagirafe.fr\/?post_type=product&#038;p=485"},"modified":"2022-10-21T09:49:29","modified_gmt":"2022-10-21T07:49:29","slug":"boules-de-noel-2d-a-decorer","status":"publish","type":"product","link":"https:\/\/www.delagirafe.fr\/?product=boules-de-noel-2d-a-decorer","title":{"rendered":"Boules de No\u00ebl 2D \u00e0 d\u00e9corer"},"content":{"rendered":"<p>Nos boules 2D \u00e0 personnaliser en MDF font d&rsquo;excellents supports pour la cr\u00e9ation de d\u00e9corations de No\u00ebl en famille.<\/p>\n<p>&nbsp;<\/p>\n<p>Les enfants adorent !<\/p>\n","protected":false},"excerpt":{"rendered":"<p>Nos boules 2D \u00e0 personnaliser en MDF font d&rsquo;excellents supports pour la cr\u00e9ation de d\u00e9corations de No\u00ebl en famille.<\/p>\n<p>&nbsp;<\/p>\n<p>Les enfants adorent !<\/p>\n","protected":false},"featured_media":486,"comment_status":"open","ping_status":"closed","template":"","meta":[],"product_cat":[42,25],"product_tag":[],"class_list":{"0":"post-485","1":"product","2":"type-product","3":"status-publish","4":"has-post-thumbnail","6":"product_cat-decoration-noel","7":"product_cat-objets-deco","9":"first","10":"instock","11":"shipping-taxable","12":"purchasable","13":"product-type-variable"},"_links":{"self":[{"href":"https:\/\/www.delagirafe.fr\/index.php?rest_route=\/wp\/v2\/product\/485"}],"collection":[{"href":"https:\/\/www.delagirafe.fr\/index.php?rest_route=\/wp\/v2\/product"}],"about":[{"href":"https:\/\/www.delagirafe.fr\/index.php?rest_route=\/wp\/v2\/types\/product"}],"replies":[{"embeddable":true,"href":"https:\/\/www.delagirafe.fr\/index.php?rest_route=%2Fwp%2Fv2%2Fcomments&post=485"}],"wp:featuredmedia":[{"embeddable":true,"href":"https:\/\/www.delagirafe.fr\/index.php?rest_route=\/wp\/v2\/media\/486"}],"wp:attachment":[{"href":"https:\/\/www.delagirafe.fr\/index.php?rest_route=%2Fwp%2Fv2%2Fmedia&parent=485"}],"wp:term":[{"taxonomy":"product_cat","embeddable":true,"href":"https:\/\/www.delagirafe.fr\/index.php?rest_route=%2Fwp%2Fv2%2Fproduct_cat&post=485"},{"taxonomy":"product_tag","embeddable":true,"href":"https:\/\/www.delagirafe.fr\/index.php?rest_route=%2Fwp%2Fv2%2Fproduct_tag&post=485"}],"curies":[{"name":"wp","href":"https:\/\/api.w.org\/{rel}","templated":true}]}}