{"id":593,"date":"2020-11-09T17:35:05","date_gmt":"2020-11-09T16:35:05","guid":{"rendered":"http:\/\/www.delagirafe.fr\/?post_type=product&#038;p=593"},"modified":"2020-11-09T17:37:13","modified_gmt":"2020-11-09T16:37:13","slug":"boule-de-noel-2d-prenom-a-decorer","status":"publish","type":"product","link":"https:\/\/www.delagirafe.fr\/?product=boule-de-noel-2d-prenom-a-decorer","title":{"rendered":"Boule de No\u00ebl 2D &#8211; Pr\u00e9nom &#8211; \u00c0 d\u00e9corer"},"content":{"rendered":"<p>Boule de No\u00ebl 2D Pr\u00e9nom<\/p>\n<p>MDF \u2013 \u00c9paisseur 3mm Hauteur 10cm -Largeur 8cm<\/p>\n<p>Article cr\u00e9\u00e9 et produit dans notre atelier.<\/p>\n<p>Pour personnaliser vos articles, veuillez reporter les pr\u00e9noms \u00e0 graver dans la case commentaire lors de votre commande.<\/p>\n","protected":false},"excerpt":{"rendered":"<p>Boule de No\u00ebl 2D Pr\u00e9nom<\/p>\n<p>MDF<\/p>\n","protected":false},"featured_media":594,"comment_status":"open","ping_status":"closed","template":"","meta":[],"product_cat":[42],"product_tag":[],"class_list":{"0":"post-593","1":"product","2":"type-product","3":"status-publish","4":"has-post-thumbnail","6":"product_cat-decoration-noel","8":"first","9":"instock","10":"shipping-taxable","11":"purchasable","12":"product-type-variable","13":"has-default-attributes"},"_links":{"self":[{"href":"https:\/\/www.delagirafe.fr\/index.php?rest_route=\/wp\/v2\/product\/593"}],"collection":[{"href":"https:\/\/www.delagirafe.fr\/index.php?rest_route=\/wp\/v2\/product"}],"about":[{"href":"https:\/\/www.delagirafe.fr\/index.php?rest_route=\/wp\/v2\/types\/product"}],"replies":[{"embeddable":true,"href":"https:\/\/www.delagirafe.fr\/index.php?rest_route=%2Fwp%2Fv2%2Fcomments&post=593"}],"wp:featuredmedia":[{"embeddable":true,"href":"https:\/\/www.delagirafe.fr\/index.php?rest_route=\/wp\/v2\/media\/594"}],"wp:attachment":[{"href":"https:\/\/www.delagirafe.fr\/index.php?rest_route=%2Fwp%2Fv2%2Fmedia&parent=593"}],"wp:term":[{"taxonomy":"product_cat","embeddable":true,"href":"https:\/\/www.delagirafe.fr\/index.php?rest_route=%2Fwp%2Fv2%2Fproduct_cat&post=593"},{"taxonomy":"product_tag","embeddable":true,"href":"https:\/\/www.delagirafe.fr\/index.php?rest_route=%2Fwp%2Fv2%2Fproduct_tag&post=593"}],"curies":[{"name":"wp","href":"https:\/\/api.w.org\/{rel}","templated":true}]}}