{"id":641,"date":"2020-11-20T18:37:50","date_gmt":"2020-11-20T17:37:50","guid":{"rendered":"http:\/\/www.delagirafe.fr\/?post_type=product&#038;p=641"},"modified":"2022-10-21T16:23:55","modified_gmt":"2022-10-21T14:23:55","slug":"porte-clef-fleur-de-vie-chene-massif","status":"publish","type":"product","link":"https:\/\/www.delagirafe.fr\/?product=porte-clef-fleur-de-vie-chene-massif","title":{"rendered":"Porte-cl\u00e9s &#8211; Fleur de vie &#8211; Ch\u00eane Massif"},"content":{"rendered":"<p>Plus on est ancr\u00e9, plus on s\u2019\u00e9l\u00e8ve, c\u2019est une v\u00e9rit\u00e9 si simple et si vraie mais on a trop tendance \u00e0 l\u2019oublier.<\/p>\n<p>Toujours \u00e0 vos cot\u00e9, ce porte-cl\u00e9s \u00ab\u00a0fleur de vie\u00a0\u00bb en ch\u00eane massif favorise l&rsquo;ancrage, prenez quelques minutes pour vous, <em> prenez le temps d\u2019\u00eatre dans l\u2019Ici et Maintenant, reliez-vous tr\u00e8s profond\u00e9ment avec le sol.<br \/>\n<\/em><\/p>\n<p>Si vous d\u00e9sirez personnaliser l\u2019arri\u00e8re de votre porte clef (Un pr\u00e9nom, quelques mots, une pens\u00e9e&#8230;), n&rsquo;h\u00e9sitez pas \u00e0 nous en faire part dans la section commentaire lors de votre achat.<\/p>\n<p>Pour les achats de lots, nous prendrons personnellement contact avec vous afin de r\u00e9aliser au mieux votre commande.<\/p>\n<p>Merci<\/p>\n<p>Format : Environ 4.5 cm x 3.5cm x 5 mm<\/p>\n<p>Article cr\u00e9\u00e9 et produit avec c\u0153ur dans notre atelier.<\/p>\n","protected":false},"excerpt":{"rendered":"<p>Porte clef &#8211; Fleur de vie &#8211; Ch\u00eane Massif<\/p>\n<p>Format : Environ 4.5 cm x 3.5cm x 5 mm<\/p>\n<p>Article cr\u00e9\u00e9 et produit avec c\u0153ur dans notre atelier.<\/p>\n","protected":false},"featured_media":647,"comment_status":"open","ping_status":"closed","template":"","meta":[],"product_cat":[34,25],"product_tag":[],"class_list":{"0":"post-641","1":"product","2":"type-product","3":"status-publish","4":"has-post-thumbnail","6":"product_cat-energie-bien-etre","7":"product_cat-objets-deco","9":"first","10":"instock","11":"shipping-taxable","12":"purchasable","13":"product-type-variable"},"_links":{"self":[{"href":"https:\/\/www.delagirafe.fr\/index.php?rest_route=\/wp\/v2\/product\/641"}],"collection":[{"href":"https:\/\/www.delagirafe.fr\/index.php?rest_route=\/wp\/v2\/product"}],"about":[{"href":"https:\/\/www.delagirafe.fr\/index.php?rest_route=\/wp\/v2\/types\/product"}],"replies":[{"embeddable":true,"href":"https:\/\/www.delagirafe.fr\/index.php?rest_route=%2Fwp%2Fv2%2Fcomments&post=641"}],"wp:featuredmedia":[{"embeddable":true,"href":"https:\/\/www.delagirafe.fr\/index.php?rest_route=\/wp\/v2\/media\/647"}],"wp:attachment":[{"href":"https:\/\/www.delagirafe.fr\/index.php?rest_route=%2Fwp%2Fv2%2Fmedia&parent=641"}],"wp:term":[{"taxonomy":"product_cat","embeddable":true,"href":"https:\/\/www.delagirafe.fr\/index.php?rest_route=%2Fwp%2Fv2%2Fproduct_cat&post=641"},{"taxonomy":"product_tag","embeddable":true,"href":"https:\/\/www.delagirafe.fr\/index.php?rest_route=%2Fwp%2Fv2%2Fproduct_tag&post=641"}],"curies":[{"name":"wp","href":"https:\/\/api.w.org\/{rel}","templated":true}]}}