{"id":705,"date":"2020-11-26T18:25:51","date_gmt":"2020-11-26T17:25:51","guid":{"rendered":"http:\/\/www.delagirafe.fr\/?post_type=product&#038;p=705"},"modified":"2022-02-07T11:29:28","modified_gmt":"2022-02-07T10:29:28","slug":"blason-communes","status":"publish","type":"product","link":"https:\/\/www.delagirafe.fr\/?product=blason-communes","title":{"rendered":"Blason &#8211; Communes"},"content":{"rendered":"<p>Blason &#8211;\u00a0 Bois de H\u00eatre &#8211; Fabrication Artisanale &#8211; D\u00e9co<\/p>\n<p>Bois massif et naturel, non trait\u00e9 &#8211; Fixation \u00e0 l&rsquo;arri\u00e8re du blason fournie (Voir Photo)<\/p>\n<p>Mod\u00e8le pouvant varier en fonction du bois.<\/p>\n<p>Dimensions :<br \/>\nLargeur 16cm<br \/>\nHauteur 17.5cm<br \/>\n\u00c9paisseur 2.5cm<\/p>\n<p>N&rsquo;h\u00e9sitez pas \u00e0 nous contacter pour plus de d\u00e9tails.<\/p>\n","protected":false},"excerpt":{"rendered":"<p>Blason artisanal en H\u00eatre massif<\/p>\n","protected":false},"featured_media":676,"comment_status":"open","ping_status":"closed","template":"","meta":[],"product_cat":[18],"product_tag":[],"class_list":{"0":"post-705","1":"product","2":"type-product","3":"status-publish","4":"has-post-thumbnail","6":"product_cat-blasons-symboles","8":"first","9":"instock","10":"shipping-taxable","11":"purchasable","12":"product-type-variable","13":"has-default-attributes"},"_links":{"self":[{"href":"https:\/\/www.delagirafe.fr\/index.php?rest_route=\/wp\/v2\/product\/705"}],"collection":[{"href":"https:\/\/www.delagirafe.fr\/index.php?rest_route=\/wp\/v2\/product"}],"about":[{"href":"https:\/\/www.delagirafe.fr\/index.php?rest_route=\/wp\/v2\/types\/product"}],"replies":[{"embeddable":true,"href":"https:\/\/www.delagirafe.fr\/index.php?rest_route=%2Fwp%2Fv2%2Fcomments&post=705"}],"wp:featuredmedia":[{"embeddable":true,"href":"https:\/\/www.delagirafe.fr\/index.php?rest_route=\/wp\/v2\/media\/676"}],"wp:attachment":[{"href":"https:\/\/www.delagirafe.fr\/index.php?rest_route=%2Fwp%2Fv2%2Fmedia&parent=705"}],"wp:term":[{"taxonomy":"product_cat","embeddable":true,"href":"https:\/\/www.delagirafe.fr\/index.php?rest_route=%2Fwp%2Fv2%2Fproduct_cat&post=705"},{"taxonomy":"product_tag","embeddable":true,"href":"https:\/\/www.delagirafe.fr\/index.php?rest_route=%2Fwp%2Fv2%2Fproduct_tag&post=705"}],"curies":[{"name":"wp","href":"https:\/\/api.w.org\/{rel}","templated":true}]}}