{"id":860,"date":"2021-02-22T17:26:45","date_gmt":"2021-02-22T16:26:45","guid":{"rendered":"https:\/\/www.delagirafe.fr\/?post_type=product&#038;p=860"},"modified":"2021-02-22T17:28:15","modified_gmt":"2021-02-22T16:28:15","slug":"affiche-bois-guitare-fender-telecaster-deluxe","status":"publish","type":"product","link":"https:\/\/www.delagirafe.fr\/?product=affiche-bois-guitare-fender-telecaster-deluxe","title":{"rendered":"Affiche Bois &#8211; Guitare Fender T\u00e9l\u00e9caster Deluxe"},"content":{"rendered":"<p>Affiche en bois grav\u00e9 de la mythique Guitare Fender T\u00e9l\u00e9caster Deluxe<\/p>\n","protected":false},"excerpt":{"rendered":"<p>Affiche en bois grav\u00e9 de la mythique Guitare Fender T\u00e9l\u00e9caster Deluxe<\/p>\n","protected":false},"featured_media":840,"comment_status":"open","ping_status":"closed","template":"","meta":[],"product_cat":[44],"product_tag":[],"class_list":{"0":"post-860","1":"product","2":"type-product","3":"status-publish","4":"has-post-thumbnail","6":"product_cat-affiche-bois","8":"first","9":"instock","10":"shipping-taxable","11":"purchasable","12":"product-type-variable"},"_links":{"self":[{"href":"https:\/\/www.delagirafe.fr\/index.php?rest_route=\/wp\/v2\/product\/860"}],"collection":[{"href":"https:\/\/www.delagirafe.fr\/index.php?rest_route=\/wp\/v2\/product"}],"about":[{"href":"https:\/\/www.delagirafe.fr\/index.php?rest_route=\/wp\/v2\/types\/product"}],"replies":[{"embeddable":true,"href":"https:\/\/www.delagirafe.fr\/index.php?rest_route=%2Fwp%2Fv2%2Fcomments&post=860"}],"wp:featuredmedia":[{"embeddable":true,"href":"https:\/\/www.delagirafe.fr\/index.php?rest_route=\/wp\/v2\/media\/840"}],"wp:attachment":[{"href":"https:\/\/www.delagirafe.fr\/index.php?rest_route=%2Fwp%2Fv2%2Fmedia&parent=860"}],"wp:term":[{"taxonomy":"product_cat","embeddable":true,"href":"https:\/\/www.delagirafe.fr\/index.php?rest_route=%2Fwp%2Fv2%2Fproduct_cat&post=860"},{"taxonomy":"product_tag","embeddable":true,"href":"https:\/\/www.delagirafe.fr\/index.php?rest_route=%2Fwp%2Fv2%2Fproduct_tag&post=860"}],"curies":[{"name":"wp","href":"https:\/\/api.w.org\/{rel}","templated":true}]}}